{"id":12,"date":"2014-05-19T15:53:14","date_gmt":"2014-05-19T13:53:14","guid":{"rendered":"http:\/\/stephaniehagele.lu\/new14\/?page_id=12"},"modified":"2016-07-06T18:01:17","modified_gmt":"2016-07-06T16:01:17","slug":"body-mind-soul-2","status":"publish","type":"page","link":"https:\/\/www.stephaniehagele.lu\/de\/","title":{"rendered":"Body Mind Soul"},"content":{"rendered":"<p><img loading=\"lazy\" decoding=\"async\" class=\"alignnone wp-image-190 size-full\" src=\"https:\/\/www.stephaniehagele.lu\/wp-content\/uploads\/2014\/05\/home1.jpg\" alt=\"home1\" width=\"700\" height=\"310\" srcset=\"https:\/\/www.stephaniehagele.lu\/wp-content\/uploads\/2014\/05\/home1.jpg 700w, https:\/\/www.stephaniehagele.lu\/wp-content\/uploads\/2014\/05\/home1-300x132.jpg 300w\" sizes=\"auto, (max-width: 700px) 100vw, 700px\" \/><\/p>\n<p>K\u00f6rperliches Wohlbefinden, geistige Harmonie und Gesundheit werden immer mehr zu einem Erfolgsfaktor f\u00fcr ein erf\u00fclltes und ausgeglichenes Leben.<\/p>\n<p>Mein Konzept Body, Mind, Soul bringt diese S\u00e4ulen eines gesunden und modernen Lebens in Einklang.<\/p>\n<p><img loading=\"lazy\" decoding=\"async\" class=\"alignleft wp-image-191 size-medium\" src=\"https:\/\/www.stephaniehagele.lu\/wp-content\/uploads\/2014\/05\/home2-199x300.jpg\" alt=\"home2\" width=\"199\" height=\"300\" srcset=\"https:\/\/www.stephaniehagele.lu\/wp-content\/uploads\/2014\/05\/home2-199x300.jpg 199w, https:\/\/www.stephaniehagele.lu\/wp-content\/uploads\/2014\/05\/home2.jpg 326w\" sizes=\"auto, (max-width: 199px) 100vw, 199px\" \/>Moderne Massagetechniken sind dabei ein wichtiger Baustein zum Ausgleich von\u00a0K\u00f6rper und Seele.<\/p>\n<p>Die Kraft der Ber\u00fchrung bringt Entspannung, l\u00f6st Blockaden und Verspannungen.<\/p>\n<p>Das neue K\u00f6rpergef\u00fchl f\u00fchrt zu neuer Energie.<\/p>\n<p>Mein Leistungsspektrum reicht von der klassischen Massage \u00fcber allgemeine Entspannung bis hin zur sportspezifischen Golfmassage.<\/p>\n<p>Besuchen Sie mich in meinen R\u00e4umlichkeiten im Clubhaus des Kikuoka Country Club in Canach.<\/p>\n","protected":false},"excerpt":{"rendered":"<p>K\u00f6rperliches Wohlbefinden, geistige Harmonie und Gesundheit werden immer mehr zu einem Erfolgsfaktor f\u00fcr ein erf\u00fclltes und ausgeglichenes Leben. Mein Konzept Body, Mind, Soul bringt diese S\u00e4ulen eines gesunden und modernen Lebens in Einklang. Moderne Massagetechniken sind dabei ein wichtiger Baustein zum Ausgleich von\u00a0K\u00f6rper und Seele. Die Kraft der Ber\u00fchrung bringt Entspannung, l\u00f6st Blockaden und Verspannungen. [&hellip;]<\/p>\n","protected":false},"author":1,"featured_media":0,"parent":0,"menu_order":0,"comment_status":"closed","ping_status":"closed","template":"","meta":{"footnotes":""},"class_list":["post-12","page","type-page","status-publish","hentry"],"_links":{"self":[{"href":"https:\/\/www.stephaniehagele.lu\/de\/wp-json\/wp\/v2\/pages\/12","targetHints":{"allow":["GET"]}}],"collection":[{"href":"https:\/\/www.stephaniehagele.lu\/de\/wp-json\/wp\/v2\/pages"}],"about":[{"href":"https:\/\/www.stephaniehagele.lu\/de\/wp-json\/wp\/v2\/types\/page"}],"author":[{"embeddable":true,"href":"https:\/\/www.stephaniehagele.lu\/de\/wp-json\/wp\/v2\/users\/1"}],"replies":[{"embeddable":true,"href":"https:\/\/www.stephaniehagele.lu\/de\/wp-json\/wp\/v2\/comments?post=12"}],"version-history":[{"count":46,"href":"https:\/\/www.stephaniehagele.lu\/de\/wp-json\/wp\/v2\/pages\/12\/revisions"}],"predecessor-version":[{"id":213,"href":"https:\/\/www.stephaniehagele.lu\/de\/wp-json\/wp\/v2\/pages\/12\/revisions\/213"}],"wp:attachment":[{"href":"https:\/\/www.stephaniehagele.lu\/de\/wp-json\/wp\/v2\/media?parent=12"}],"curies":[{"name":"wp","href":"https:\/\/api.w.org\/{rel}","templated":true}]}}