{"id":15,"date":"2014-05-19T15:53:43","date_gmt":"2014-05-19T13:53:43","guid":{"rendered":"http:\/\/stephaniehagele.lu\/new14\/?page_id=15"},"modified":"2014-07-31T10:59:50","modified_gmt":"2014-07-31T08:59:50","slug":"golfmessage","status":"publish","type":"page","link":"https:\/\/www.stephaniehagele.lu\/de\/golfmessage\/","title":{"rendered":"Golfmassage"},"content":{"rendered":"<p><img loading=\"lazy\" decoding=\"async\" class=\"alignnone size-full wp-image-142\" src=\"https:\/\/www.stephaniehagele.lu\/wp-content\/uploads\/2014\/06\/golfmassage_2-2.jpg\" alt=\"golfmassage_2-2\" width=\"700\" height=\"310\" srcset=\"https:\/\/www.stephaniehagele.lu\/wp-content\/uploads\/2014\/06\/golfmassage_2-2.jpg 700w, https:\/\/www.stephaniehagele.lu\/wp-content\/uploads\/2014\/06\/golfmassage_2-2-300x132.jpg 300w\" sizes=\"auto, (max-width: 700px) 100vw, 700px\" \/><\/p>\n<p><strong><em>\u201e Ein Muss f\u00fcr den erfolgreichen Golfer\u201c<\/em><\/strong><\/p>\n<p>Die Golfmassage ist eine speziell auf die sportspezifischen Anforderungen des Golfers zugeschnittene Form der Massage.<\/p>\n<p>Sie erh\u00f6ht Ihre Beweglichkeit, verbessert Ihr Koordinationsgef\u00fchl und ist somit eine ideale und sinnvolle Erg\u00e4nzung zu Ihrem Training.<\/p>\n<p>Die Golfmassage vereint Elemente der klassischen Massagetechnik, der Dormethode, der Sportmassage, des Kinesiotapings und moderner Trainingskonzepte.<\/p>\n<p><img loading=\"lazy\" decoding=\"async\" class=\"alignleft wp-image-234 size-full\" src=\"https:\/\/www.stephaniehagele.lu\/wp-content\/uploads\/2014\/05\/golfmassage_2.jpg\" alt=\"golfmassage_2\" width=\"200\" height=\"300\" \/><\/p>\n<p>Ziele:<\/p>\n<ul>\n<li>Entspannung der Muskulatur<\/li>\n<li>Verringerung des Verletzungsrisikos<\/li>\n<li>Verbesserung der Beweglichkeit<\/li>\n<li>Gleichgewichtsschulung<\/li>\n<li>St\u00e4rkung der Ausgleichsmuskulatur<\/li>\n<li>Reduktion von Dysbalancen<\/li>\n<li>Positive Beeinflussung Ihres Golfschwungs<\/li>\n<\/ul>\n<p>&nbsp;<\/p>\n<p><em><strong>Das Konzept der Golfmassage ist auch auf alle anderen Sportarten individuell anwendbar und passt sich den jeweiligen Bed\u00fcrfnissen des Sportlers an.<\/strong><\/em><\/p>\n","protected":false},"excerpt":{"rendered":"<p>\u201e Ein Muss f\u00fcr den erfolgreichen Golfer\u201c Die Golfmassage ist eine speziell auf die sportspezifischen Anforderungen des Golfers zugeschnittene Form der Massage. Sie erh\u00f6ht Ihre Beweglichkeit, verbessert Ihr Koordinationsgef\u00fchl und ist somit eine ideale und sinnvolle Erg\u00e4nzung zu Ihrem Training. Die Golfmassage vereint Elemente der klassischen Massagetechnik, der Dormethode, der Sportmassage, des Kinesiotapings und moderner [&hellip;]<\/p>\n","protected":false},"author":1,"featured_media":0,"parent":0,"menu_order":1,"comment_status":"closed","ping_status":"closed","template":"nosidebar.php","meta":{"footnotes":""},"class_list":["post-15","page","type-page","status-publish","hentry"],"_links":{"self":[{"href":"https:\/\/www.stephaniehagele.lu\/de\/wp-json\/wp\/v2\/pages\/15","targetHints":{"allow":["GET"]}}],"collection":[{"href":"https:\/\/www.stephaniehagele.lu\/de\/wp-json\/wp\/v2\/pages"}],"about":[{"href":"https:\/\/www.stephaniehagele.lu\/de\/wp-json\/wp\/v2\/types\/page"}],"author":[{"embeddable":true,"href":"https:\/\/www.stephaniehagele.lu\/de\/wp-json\/wp\/v2\/users\/1"}],"replies":[{"embeddable":true,"href":"https:\/\/www.stephaniehagele.lu\/de\/wp-json\/wp\/v2\/comments?post=15"}],"version-history":[{"count":63,"href":"https:\/\/www.stephaniehagele.lu\/de\/wp-json\/wp\/v2\/pages\/15\/revisions"}],"predecessor-version":[{"id":300,"href":"https:\/\/www.stephaniehagele.lu\/de\/wp-json\/wp\/v2\/pages\/15\/revisions\/300"}],"wp:attachment":[{"href":"https:\/\/www.stephaniehagele.lu\/de\/wp-json\/wp\/v2\/media?parent=15"}],"curies":[{"name":"wp","href":"https:\/\/api.w.org\/{rel}","templated":true}]}}