{"id":32,"date":"2014-05-19T16:13:43","date_gmt":"2014-05-19T14:13:43","guid":{"rendered":"http:\/\/stephaniehagele.lu\/new14\/?page_id=32"},"modified":"2014-07-31T11:13:30","modified_gmt":"2014-07-31T09:13:30","slug":"wellnessmassage-2","status":"publish","type":"page","link":"https:\/\/www.stephaniehagele.lu\/de\/wellnessmassage-2\/","title":{"rendered":"Wellnessmassage"},"content":{"rendered":"<p><img loading=\"lazy\" decoding=\"async\" class=\"alignnone wp-image-120 size-full\" src=\"https:\/\/www.stephaniehagele.lu\/wp-content\/uploads\/2014\/05\/wellnesss-2.jpg\" alt=\"wellnesss-2\" width=\"700\" height=\"310\" srcset=\"https:\/\/www.stephaniehagele.lu\/wp-content\/uploads\/2014\/05\/wellnesss-2.jpg 700w, https:\/\/www.stephaniehagele.lu\/wp-content\/uploads\/2014\/05\/wellnesss-2-300x132.jpg 300w\" sizes=\"auto, (max-width: 700px) 100vw, 700px\" \/><\/p>\n<p><em><strong>\u201e Die Wellnessmassage l\u00e4sst sie Ihren Alltag vergessen\u201c<\/strong><\/em><\/p>\n<p>Diese Form der Massage ist sanft, flie\u00dfend und vereint Elemente der klassischen Massage, der Breu\u00dfmassage, der Akupressur und der Akupunkt Massage.<\/p>\n<p>Die individuelle Kombination dieser Techniken f\u00fchrt zu einer Tiefenentspannung, die auf K\u00f6rper und Geist gleicherma\u00dfen aufbauend und harmonisierend wirkt.<\/p>\n<p>Lassen sie sich verw\u00f6hnen und g\u00f6nnen sie Ihrem K\u00f6rper diese Auszeit.<\/p>\n<p><img loading=\"lazy\" decoding=\"async\" class=\"alignleft size-full wp-image-306\" src=\"https:\/\/www.stephaniehagele.lu\/wp-content\/uploads\/2014\/05\/wellnesss-3.jpg\" alt=\"wellnesss-3\" width=\"207\" height=\"300\" \/>Ziel:<\/p>\n<ul>\n<li>Entspannung<\/li>\n<li>Wellness f\u00fcr K\u00f6rper und Seele<\/li>\n<li>Finden der inneren Balance<\/li>\n<li>Steigerung des Wohlbefindens<\/li>\n<li>Verbesserung der Leistungsf\u00e4higkeit<\/li>\n<li>Stressregulierung<\/li>\n<\/ul>\n","protected":false},"excerpt":{"rendered":"<p>\u201e Die Wellnessmassage l\u00e4sst sie Ihren Alltag vergessen\u201c Diese Form der Massage ist sanft, flie\u00dfend und vereint Elemente der klassischen Massage, der Breu\u00dfmassage, der Akupressur und der Akupunkt Massage. Die individuelle Kombination dieser Techniken f\u00fchrt zu einer Tiefenentspannung, die auf K\u00f6rper und Geist gleicherma\u00dfen aufbauend und harmonisierend wirkt. Lassen sie sich verw\u00f6hnen und g\u00f6nnen sie [&hellip;]<\/p>\n","protected":false},"author":1,"featured_media":0,"parent":0,"menu_order":3,"comment_status":"closed","ping_status":"closed","template":"nosidebar.php","meta":{"footnotes":""},"class_list":["post-32","page","type-page","status-publish","hentry"],"_links":{"self":[{"href":"https:\/\/www.stephaniehagele.lu\/de\/wp-json\/wp\/v2\/pages\/32","targetHints":{"allow":["GET"]}}],"collection":[{"href":"https:\/\/www.stephaniehagele.lu\/de\/wp-json\/wp\/v2\/pages"}],"about":[{"href":"https:\/\/www.stephaniehagele.lu\/de\/wp-json\/wp\/v2\/types\/page"}],"author":[{"embeddable":true,"href":"https:\/\/www.stephaniehagele.lu\/de\/wp-json\/wp\/v2\/users\/1"}],"replies":[{"embeddable":true,"href":"https:\/\/www.stephaniehagele.lu\/de\/wp-json\/wp\/v2\/comments?post=32"}],"version-history":[{"count":7,"href":"https:\/\/www.stephaniehagele.lu\/de\/wp-json\/wp\/v2\/pages\/32\/revisions"}],"predecessor-version":[{"id":308,"href":"https:\/\/www.stephaniehagele.lu\/de\/wp-json\/wp\/v2\/pages\/32\/revisions\/308"}],"wp:attachment":[{"href":"https:\/\/www.stephaniehagele.lu\/de\/wp-json\/wp\/v2\/media?parent=32"}],"curies":[{"name":"wp","href":"https:\/\/api.w.org\/{rel}","templated":true}]}}